{"id":2775,"date":"2015-03-19T19:53:56","date_gmt":"2015-03-19T19:53:56","guid":{"rendered":"http:\/\/buildme.freevision.me\/?page_id=14"},"modified":"2025-01-21T18:59:42","modified_gmt":"2025-01-21T18:59:42","slug":"equipos","status":"publish","type":"page","link":"https:\/\/gopestrong.com\/index.php\/equipos\/","title":{"rendered":"EQUIPOS"},"content":{"rendered":"<div class=\"wpb-content-wrapper\"><p>[vc_row][vc_column][vc_empty_space][\/vc_column][\/vc_row][vc_row bg_parallax=\u00bboff\u00bb bg_slider=\u00bboff\u00bb bg_video=\u00bboff\u00bb bottom_button=\u00bboff\u00bb css=\u00bb.vc_custom_1428180010514{margin-top: 0px !important;margin-bottom: 0px !important;padding-top: 40px !important;padding-bottom: 0px !important;}\u00bb][vc_column css=\u00bb.vc_custom_1429645405970{margin-bottom: 40px !important;}\u00bb][vc_column_text css=\u00bb.vc_custom_1592281106138{margin-bottom: 0px !important;padding-bottom: 0px !important;}\u00bb]<\/p>\n<h1 style=\"text-align: center;\"><span style=\"color: #ffffff;\">NUESTRA MAQUINARIA<\/span><\/h1>\n<p>[\/vc_column_text][vc_custom_heading text=\u00bbOfrecemos la m\u00e1s amplia flota de Gr\u00faas Tipo Tit\u00e1n con capacidades desde 22 hasta 30 toneladas y alcance de 45 metros de altura. Est\u00e1n equipadas con canastillas que le permiten operar gr\u00faa-canastilla supliendo as\u00ed a cualquier equipo de elevaci\u00f3n (Genie) con el mismo alcance. Adem\u00e1s contamos con Gr\u00faas Sobre Cami\u00f3n y Todo Terreno, equipos modernos en excelentes condiciones desde 50 hasta 200 toneladas.\u00bb font_container=\u00bbtag:h2|font_size:24|text_align:left|color:%23aaaab5|line_height:28px\u00bb google_fonts=\u00bbfont_family:Raleway%3A100%2C200%2C300%2Cregular%2C500%2C600%2C700%2C800%2C900|font_style:300%20light%20regular%3A300%3Anormal\u00bb css=\u00bb.vc_custom_1592433460698{margin-top: 0px !important;padding-top: 0px !important;}\u00bb][vc_single_image image=\u00bb63&#8243; img_size=\u00bbfull\u00bb alignment=\u00bbcenter\u00bb css=\u00bb.vc_custom_1427111752182{margin-bottom: 0px !important;padding-bottom: 0px !important;}\u00bb lightbox=\u00bbno\u00bb zoom_on_hover=\u00bbno\u00bb img_animated=\u00bbno\u00bb img_infinite=\u00bbno\u00bb img_animation=\u00bbflash\u00bb][\/vc_column][\/vc_row][vc_row row_fullwidth=\u00bb1&#8243; row_zero_column_space=\u00bb1&#8243; bg_parallax=\u00bboff\u00bb bg_slider=\u00bboff\u00bb bg_video=\u00bboff\u00bb bottom_button=\u00bboff\u00bb css=\u00bb.vc_custom_1427574240188{margin-top: 0px !important;margin-right: 0px !important;margin-bottom: 0px !important;margin-left: 0px !important;padding-top: 0px !important;padding-right: 0px !important;padding-bottom: 0px !important;padding-left: 0px !important;}\u00bb el_class=\u00bbhome_box_wrap\u00bb][vc_column width=\u00bb1\/4&#8243;]<div class=\"ozy-call-to-action-box \" style=\"background-image:url(https:\/\/gopestrong.com\/wp-content\/uploads\/2020\/06\/PH-T500.jpg)\"><div class=\"shadow-wrapper\"><\/div><div class=\"overlay-wrapper\"><h3>P&amp;H-T500<\/h3><a href=\"https:\/\/gopestrong.com\/index.php\/equipos\/ph-t50050-toneladas\/\" target=\"_self\" class=\"heading-font\">VER M\u00c1S \u2192<\/a><i class=\"oic-flaticon4-crane8\"><\/i><\/div><\/div>[\/vc_column][vc_column width=\u00bb1\/4&#8243;]<div class=\"ozy-call-to-action-box \" style=\"background-image:url(https:\/\/gopestrong.com\/wp-content\/uploads\/2020\/06\/TMS-875-jpg-thumb-1.jpg)\"><div class=\"shadow-wrapper\"><\/div><div class=\"overlay-wrapper\"><h3>TMS-875<\/h3><a href=\"https:\/\/gopestrong.com\/index.php\/equipos\/tms-875\/\" target=\"_self\" class=\"heading-font\">VER M\u00c1S \u2192<\/a><i class=\"oic-flaticon1-excavator2\"><\/i><\/div><\/div>[\/vc_column][vc_column width=\u00bb1\/4&#8243;]<div class=\"ozy-call-to-action-box \" style=\"background-image:url(https:\/\/gopestrong.com\/wp-content\/uploads\/2020\/06\/terexrt450.jpg)\"><div class=\"shadow-wrapper\"><\/div><div class=\"overlay-wrapper\"><h3>LINK-BELT ATC3200<\/h3><a href=\"https:\/\/gopestrong.com\/index.php\/equipos\/grua-link-belt-atc3200\/\" target=\"_self\" class=\"heading-font\">VER M\u00c1S \u2192<\/a><i class=\"oic-flaticon4-constructor2\"><\/i><\/div><\/div>[\/vc_column][vc_column width=\u00bb1\/4&#8243;]<div class=\"ozy-call-to-action-box \" style=\"background-image:url(https:\/\/gopestrong.com\/wp-content\/uploads\/2020\/06\/Picture3.png)\"><div class=\"shadow-wrapper\"><\/div><div class=\"overlay-wrapper\"><h3>TEREX RT450<\/h3><a href=\"https:\/\/gopestrong.com\/index.php\/equipos\/terex-rt450todo-terreno-2\/\" target=\"_self\" class=\"heading-font\">VER M\u00c1S \u2192<\/a><i class=\"oic-flaticon4-truck29\"><\/i><\/div><\/div>[\/vc_column][\/vc_row][vc_row][vc_column][vc_empty_space][\/vc_column][\/vc_row][vc_row row_fullwidth=\u00bb1&#8243; row_zero_column_space=\u00bb1&#8243; bg_parallax=\u00bboff\u00bb bg_slider=\u00bboff\u00bb bg_video=\u00bboff\u00bb bottom_button=\u00bboff\u00bb css=\u00bb.vc_custom_1427574240188{margin-top: 0px !important;margin-right: 0px !important;margin-bottom: 0px !important;margin-left: 0px !important;padding-top: 0px !important;padding-right: 0px !important;padding-bottom: 0px !important;padding-left: 0px !important;}\u00bb el_class=\u00bbhome_box_wrap\u00bb][vc_column width=\u00bb1\/4&#8243;]<div class=\"ozy-call-to-action-box \" style=\"background-image:url(https:\/\/gopestrong.com\/wp-content\/uploads\/2020\/06\/TEREX-BT4792.jpg)\"><div class=\"shadow-wrapper\"><\/div><div class=\"overlay-wrapper\"><h3>TEREX BT4792<\/h3><a href=\"https:\/\/gopestrong.com\/index.php\/equipos\/terex-bt4792-grua-titan\/\" target=\"_self\" class=\"heading-font\">VER M\u00c1S \u2192<\/a><i class=\"oic-flaticon1-construction16\"><\/i><\/div><\/div>[\/vc_column][vc_column width=\u00bb1\/4&#8243;]<div class=\"ozy-call-to-action-box \" style=\"background-image:url(https:\/\/gopestrong.com\/wp-content\/uploads\/2020\/06\/Pioneer40002.png)\"><div class=\"shadow-wrapper\"><\/div><div class=\"overlay-wrapper\"><h3>PIONEER 4000<\/h3><a href=\"https:\/\/gopestrong.com\/index.php\/equipos\/pioneer-4000-grua-titan\/\" target=\"_self\" class=\"heading-font\">VER M\u00c1S \u2192<\/a><i class=\"oic-flaticon1-excavator2\"><\/i><\/div><\/div>[\/vc_column][vc_column width=\u00bb1\/4&#8243;]<div class=\"ozy-call-to-action-box \" style=\"background-image:url(https:\/\/gopestrong.com\/wp-content\/uploads\/2020\/06\/PIONEER4000.png)\"><div class=\"shadow-wrapper\"><\/div><div class=\"overlay-wrapper\"><h3>PIONEER 4000<\/h3><a href=\"https:\/\/gopestrong.com\/index.php\/equipos\/pioneer-4000-grua-titan-2\/\" target=\"_self\" class=\"heading-font\">VER M\u00c1S \u2192<\/a><i class=\"oic-flaticon4-constructor2\"><\/i><\/div><\/div>[\/vc_column][vc_column width=\u00bb1\/4&#8243;]<div class=\"ozy-call-to-action-box \" style=\"background-image:url(https:\/\/gopestrong.com\/wp-content\/uploads\/2020\/06\/NATIONAL1100.png)\"><div class=\"shadow-wrapper\"><\/div><div class=\"overlay-wrapper\"><h3>NATIONAL 1100<\/h3><a href=\"https:\/\/gopestrong.com\/index.php\/equipos\/national-1100-grua-titan\/\" target=\"_self\" class=\"heading-font\">VER M\u00c1S \u2192<\/a><i class=\"oic-flaticon4-truck29\"><\/i><\/div><\/div>[\/vc_column][\/vc_row][vc_row][vc_column][vc_empty_space][\/vc_column][\/vc_row][vc_row row_fullwidth=\u00bb1&#8243; row_zero_column_space=\u00bb1&#8243; bg_parallax=\u00bboff\u00bb bg_slider=\u00bboff\u00bb bg_video=\u00bboff\u00bb bottom_button=\u00bboff\u00bb css=\u00bb.vc_custom_1427574240188{margin-top: 0px !important;margin-right: 0px !important;margin-bottom: 0px !important;margin-left: 0px !important;padding-top: 0px !important;padding-right: 0px !important;padding-bottom: 0px !important;padding-left: 0px !important;}\u00bb el_class=\u00bbhome_box_wrap\u00bb][vc_column width=\u00bb1\/3&#8243;]<div class=\"ozy-call-to-action-box \" style=\"background-image:url(https:\/\/gopestrong.com\/wp-content\/uploads\/2020\/06\/TractoCamion5ta.png)\"><div class=\"shadow-wrapper\"><\/div><div class=\"overlay-wrapper\"><h3>TRACTO CAMI\u00d3N<\/h3><a href=\"https:\/\/gopestrong.com\/index.php\/equipos\/tracto-camion-5ta-rueda-mack-2011\/\" target=\"_self\" class=\"heading-font\">VER M\u00c1S \u2192<\/a><i class=\"oic-flaticon1-construction16\"><\/i><\/div><\/div>[\/vc_column][vc_column width=\u00bb1\/3&#8243;]<div class=\"ozy-call-to-action-box \" style=\"background-image:url(https:\/\/gopestrong.com\/wp-content\/uploads\/2020\/06\/plataforma-1.jpg)\"><div class=\"shadow-wrapper\"><\/div><div class=\"overlay-wrapper\"><h3>PLATAFORMA CAMA BAJA<\/h3><a href=\"https:\/\/gopestrong.com\/index.php\/equipos\/plataforma-cama-baja-2\/\" target=\"_self\" class=\"heading-font\">VER M\u00c1S \u2192<\/a><i class=\"oic-flaticon1-excavator2\"><\/i><\/div><\/div>[\/vc_column][vc_column width=\u00bb1\/3&#8243;]<div class=\"ozy-call-to-action-box \" style=\"background-image:url(https:\/\/gopestrong.com\/wp-content\/uploads\/2020\/06\/TRACTOCAMIO\u0301N-CON-CAMA-BAJA.jpg)\"><div class=\"shadow-wrapper\"><\/div><div class=\"overlay-wrapper\"><h3>TRACTO CAMI\u00d3N CAMA BAJA<\/h3><a href=\"https:\/\/gopestrong.com\/index.php\/equipos\/tractocamion-con-cama-baja-2\/\" target=\"_self\" class=\"heading-font\">VER M\u00c1S \u2192<\/a><i class=\"oic-flaticon4-constructor2\"><\/i><\/div><\/div>[\/vc_column][\/vc_row][vc_row][vc_column][vc_empty_space][\/vc_column][\/vc_row][vc_row][vc_column][vc_empty_space][\/vc_column][\/vc_row][vc_row bg_parallax=\u00bboff\u00bb bg_slider=\u00bboff\u00bb bg_video=\u00bboff\u00bb bottom_button=\u00bboff\u00bb css=\u00bb.vc_custom_1594676115389{margin-top: 0px !important;margin-bottom: 0px !important;padding-top: 60px !important;padding-bottom: 60px !important;background-color: #ffffff !important;}\u00bb row_id=\u00bbcontact\u00bb][vc_column width=\u00bb1\/2&#8243;][vc_single_image image=\u00bb2889&#8243; img_size=\u00bb558&#215;685&#8243;][\/vc_column][vc_column width=\u00bb1\/2&#8243;][vc_row_inner][vc_column_inner width=\u00bb1\/2&#8243;][vc_column_text css=\u00bb\u00bb]<\/p>\n<h4>NOS UBICAMOS EN:<\/h4>\n<p>Cd. Ju\u00e1rez, Chih, M\u00e9xico.[\/vc_column_text][\/vc_column_inner][vc_column_inner width=\u00bb1\/2&#8243;][vc_column_text css=\u00bb\u00bb]<\/p>\n<h4>CONTACT INFO<\/h4>\n<div>Of. (656) 170-3936<br \/>\nCel. (656) 1308912<\/div>\n<div>Cel (656) 352-5628<\/div>\n<div><\/div>\n<p class=\"p1\"><a href=\"mailto:gopestrongjuarez@gmail.com\">gopestrongjuarez@gmail.com<\/a><\/p>\n<p>[\/vc_column_text][\/vc_column_inner][\/vc_row_inner][vc_gmaps link=\u00bb#E-8_JTNDaWZyYW1lJTIwc3JjJTNEJTIyaHR0cHMlM0ElMkYlMkZ3d3cuZ29vZ2xlLmNvbSUyRm1hcHMlMkZlbWJlZCUzRnBiJTNEJTIxMW0xOCUyMTFtMTIlMjExbTMlMjExZDYyNy45OTYyNTc1MjM1NDgzJTIxMmQtMTA2LjQyMTk2NDAzNjY0MDc2JTIxM2QzMS42NjE3NzQ4NTI3NTA2MzYlMjEybTMlMjExZjAlMjEyZjAlMjEzZjAlMjEzbTIlMjExaTEwMjQlMjEyaTc2OCUyMTRmMTMuMSUyMTNtMyUyMTFtMiUyMTFzMHg4NmU3NWRlYmM5Y2MyOWNkJTI1M0EweDkxNzZkMjI2MmZiMWI4NGIlMjEyc0MuJTI1MjBDdWFydGElMjUyMDcyMTElMjUyQyUyNTIwMzI2OTAlMjUyMEp1JTI1QzMlMjVBMXJleiUyNTJDJTI1MjBDaGloLiUyNTJDJTI1MjBNJTI1QzMlMjVBOXhpY28lMjE1ZTAlMjEzbTIlMjExc2VzLTQxOSUyMTJzdXMlMjE0djE3Mzc0ODU1MzUwNDklMjE1bTIlMjExc2VzLTQxOSUyMTJzdXMlMjIlMjB3aWR0aCUzRCUyMjYwMCUyMiUyMGhlaWdodCUzRCUyMjQ1MCUyMiUyMHN0eWxlJTNEJTIyYm9yZGVyJTNBMCUzQiUyMiUyMGFsbG93ZnVsbHNjcmVlbiUzRCUyMiUyMiUyMGxvYWRpbmclM0QlMjJsYXp5JTIyJTIwcmVmZXJyZXJwb2xpY3klM0QlMjJuby1yZWZlcnJlci13aGVuLWRvd25ncmFkZSUyMiUzRSUzQyUyRmlmcmFtZSUzRQ==\u00bb size=\u00bb400&#8243; css=\u00bb\u00bb][\/vc_column][\/vc_row][vc_row bg_parallax=\u00bbon\u00bb bg_slider=\u00bboff\u00bb bg_video=\u00bboff\u00bb bottom_button=\u00bboff\u00bb css=\u00bb.vc_custom_1654289294496{margin-top: 0px !important;margin-bottom: 0px !important;padding-top: 60px !important;padding-bottom: 60px !important;background-image: url(https:\/\/gopestrong.com\/wp-content\/uploads\/2020\/06\/bg101.jpg?id=2915) !important;}\u00bb font_color=\u00bb#ffffff\u00bb][vc_column][vc_column_text]<\/p>\n<h4 style=\"text-align: center;\"><a href=\"https:\/\/gopestrong.com\/wp-content\/uploads\/2020\/06\/h-quality2.png\"><img loading=\"lazy\" decoding=\"async\" class=\"alignnone wp-image-2918 size-full\" src=\"https:\/\/gopestrong.com\/wp-content\/uploads\/2020\/06\/h-quality2.png\" alt=\"\" width=\"148\" height=\"150\" \/><\/a><\/h4>\n<div>\n<h4 style=\"text-align: center;\">Hacemos todo tipo maniobras especializadas, y trabajos de montaje industrial o comercial. Ll\u00e1manos<\/h4>\n<\/div>\n<div><\/div>\n<p>[\/vc_column_text][vc_row_inner][vc_column_inner width=\u00bb1\/4&#8243;][\/vc_column_inner][vc_column_inner el_class=\u00bbtextaligncenter\u00bb width=\u00bb1\/4&#8243;][vc_column_text css=\u00bb.vc_custom_1594676128422{margin-bottom: 0px !important;padding-bottom: 0px !important;}\u00bb]<\/p>\n<h2 style=\"text-align: center;\">(656) 1703936<\/h2>\n<p>[\/vc_column_text][vc_button2 title=\u00bbLL\u00c1MANOS AHORA\u00bb color=\u00bborange\u00bb full_width=\u00bbno\u00bb btn_custom_style=\u00bbyes\u00bb link=\u00bburl:tel%3A6561703936|||\u00bb][\/vc_column_inner][vc_column_inner el_class=\u00bbtextaligncenter\u00bb width=\u00bb1\/4&#8243;][vc_column_text css=\u00bb.vc_custom_1737485953821{margin-bottom: 0px !important;padding-bottom: 0px !important;}\u00bb]<\/p>\n<h2 style=\"text-align: center;\">656 352 5628<\/h2>\n<p>[\/vc_column_text][vc_button2 title=\u00bbDESCARGA NUESTRO CAT\u00c1LOGO\u00bb style=\u00bboutlined\u00bb color=\u00bbwhite\u00bb full_width=\u00bbno\u00bb link=\u00bburl:http%3A%2F%2Fgruasgopestrong.com%2Fwp-content%2Fuploads%2F2020%2F06%2Fgruasgopestrong.pdf|||\u00bb][\/vc_column_inner][vc_column_inner width=\u00bb1\/4&#8243;][\/vc_column_inner][\/vc_row_inner][\/vc_column][\/vc_row]<\/p>\n<\/div>","protected":false},"excerpt":{"rendered":"<p>[vc_row][vc_column][vc_empty_space][\/vc_column][\/vc_row][vc_row bg_parallax=\u00bboff\u00bb bg_slider=\u00bboff\u00bb bg_video=\u00bboff\u00bb bottom_button=\u00bboff\u00bb css=\u00bb.vc_custom_1428180010514{margin-top: 0px !important;margin-bottom: 0px !important;padding-top: 40px !important;padding-bottom: 0px !important;}\u00bb][vc_column css=\u00bb.vc_custom_1429645405970{margin-bottom: 40px !important;}\u00bb][vc_column_text css=\u00bb.vc_custom_1592281106138{margin-bottom: 0px !important;padding-bottom: 0px !important;}\u00bb] NUESTRA MAQUINARIA [\/vc_column_text][vc_custom_heading text=\u00bbOfrecemos la m\u00e1s amplia flota [&hellip;]<\/p>\n","protected":false},"author":2,"featured_media":0,"parent":0,"menu_order":0,"comment_status":"open","ping_status":"open","template":"","meta":{"footnotes":""},"class_list":["post-2775","page","type-page","status-publish","hentry"],"_links":{"self":[{"href":"https:\/\/gopestrong.com\/index.php\/wp-json\/wp\/v2\/pages\/2775","targetHints":{"allow":["GET"]}}],"collection":[{"href":"https:\/\/gopestrong.com\/index.php\/wp-json\/wp\/v2\/pages"}],"about":[{"href":"https:\/\/gopestrong.com\/index.php\/wp-json\/wp\/v2\/types\/page"}],"author":[{"embeddable":true,"href":"https:\/\/gopestrong.com\/index.php\/wp-json\/wp\/v2\/users\/2"}],"replies":[{"embeddable":true,"href":"https:\/\/gopestrong.com\/index.php\/wp-json\/wp\/v2\/comments?post=2775"}],"version-history":[{"count":38,"href":"https:\/\/gopestrong.com\/index.php\/wp-json\/wp\/v2\/pages\/2775\/revisions"}],"predecessor-version":[{"id":3272,"href":"https:\/\/gopestrong.com\/index.php\/wp-json\/wp\/v2\/pages\/2775\/revisions\/3272"}],"wp:attachment":[{"href":"https:\/\/gopestrong.com\/index.php\/wp-json\/wp\/v2\/media?parent=2775"}],"curies":[{"name":"wp","href":"https:\/\/api.w.org\/{rel}","templated":true}]}}